{"id":7,"date":"2018-10-02T19:36:57","date_gmt":"2018-10-02T19:36:57","guid":{"rendered":"https:\/\/www.pvissers.nl\/?page_id=7"},"modified":"2019-07-18T07:26:58","modified_gmt":"2019-07-18T07:26:58","slug":"home","status":"publish","type":"page","link":"https:\/\/www.pvissers.nl\/ro\/","title":{"rendered":"Acas\u0103"},"content":{"rendered":"<p>[et_pb_section global_module=228][\/et_pb_section][et_pb_section bb_built=\u201d1\u2033 _builder_version=\u201d3.15\u2033 background_image=\u201dhttps:\/\/www.pvissers.nl\/wp-content\/uploads\/2018\/10\/header.jpgers \u201d next_background_color=&quot;#ffffff\u201d custom_padding=&quot;6vw||22vw|\u201d inner_width=\u201dauto\u201d inner_max_width=\u201d1080px\u201d][et_pb_row _builder_version=\u201d3.15\u2033 background_color=\u201drgba(84,84,84,0.29)\u201d width=\u201d80%\u201d max_width=\u201d1080px\u201d=\u201d][et_pb_colum custom_padding__hover=&quot;|||\u201d custom_padding=\u201d|||\u201d][et_pb_image _builder_version=\u201d3.26.3\u2033 src=\u201dhttps:\/\/www.pvissers.nl\/wp-content\/uploads\/2019\/07\/logo-dropshadow.svg\u201d disabled=&quot;off \u201d disabled_on=&quot;on|on|\u201d custom_css_main_element=&quot;margin-top: -20px !important;||margin-bottom: -70px !important;&quot; align_last_edited=\u201don|desktop\u201d align_tablet=\u201dcenter\u201d box_shadow_horizontal_tablet=\u201d0px\u201d box_shadow_vertical_tablet=\u201d0px\u201d box_shadow_blur_tablet=\u201d40px\u201d box_shadow_spread_tablet=\u201d0px\u201d z_index_tablet_orienter_\/\u201d0px\u201d builder_version_orienter.]\u201d0px\u201d custom_builder_version_6. 50px|0px|50px\u201d custom_padding=\u201d0px|0px|0px|0px\u201d header_font=\u201dAnton||||||||\u201d text_shadow_style = &quot;Preset3&quot; text_shadow_blur_strength = &quot;0.67em&quot; text_shadow_color = &quot;#000000&quot; button_text_size__hover_enabled = &quot;off&quot; button_text_size__hover = &quot;null&quot; button_one_text_size__hover_enabled = &quot;off&quot; button_one_text_size__hover = &quot;null&quot; button_two_text_size__hover_enabled = &quot;off&quot; button_two_text_size__hover = &quot;null&quot; button_text_color__hover_enabled = \u201eoff &quot;button_text_color__hover =&quot; nul &quot;button_one_text_color__hover_enabled =&quot; off &quot;button_one_text_color__hover =&quot; null &quot;button_two_text_color__hover_enabled =&quot; off &quot;button_two_text_color__hover =&quot; null &quot;button_border_width__hover_enabled =&quot; off &quot;button_border_width__hover =&quot; null &quot;button_one_border_width__hover_enabled =&quot; off &quot;button_one_border_width__hover =&quot; null &quot;button_two_border_width__hover_enabled =&quot; off \u201d button_two_border_width__hover=\u201dnull\u201d button_border_color__hover_enabled=\u201doff\u201d button_border_color__hover=\u201dnull\u201d button_one_border_color__hover_enabled=\u201doff\u201d button_one_border_color__hover=\u201dnull\u201d button_border_color__hover=\u201dnull\u201d button_one_border_color__hover_enabled=\u201doff\u201d button_one_border_color__hover=\u201dnull\u201d button_border_two_border=\u201d_nuer_enabled o_border_color__hover = &quot;nul&quot; button_border_radius__hover_enabled = &quot;off&quot; button_border_radius__hover = &quot;null&quot; button_one_border_radius__hover_enabled = &quot;off&quot; button_one_border_radius__hover = &quot;null&quot; button_two_border_radius__hover_enabled = &quot;off&quot; button_two_border_radius__hover = &quot;null&quot; button_letter_spacing__hover_enabled = &quot;off&quot; button_letter_spacing__hover = &quot;null&quot; button_one_letter_spacing__hover_enabled = &quot;off&quot; button_one_letter_spacing__hover = &quot;nul&quot; button_two_letter_spacing__hover_enabled = &quot;off&quot; button_two_letter_spacing__hover = &quot;null&quot; button_bg_color__hover_enabled = &quot;off&quot; button_bg_color__hover = &quot;null&quot; button_one_bg_color__hover_enabled = &quot;off&quot; button_one_bg_color__hover = &quot;null&quot; button_two_bg_color__hover_enabled = &quot;off&quot; button_two_bg_color__hover = &quot;null&quot;] [et_pb_slide _builder_version = \u201d3.15\u2033 heading=\u201dComer\u021b agricol \u0219i pescari antreprenori\u201d button_link=\u201d#\u201d background_color=\u201drgba(255,255,255,0)\u201d use_background_color_gradient=\u201doff\u201d background_color_gradient_start=\u201d#2b87da\u201d background_color_gradient_ end =\u201c#29c4a9&quot; background_color_gradient_type =\u201cliniar\u201c background_color_gradient_direction =\u201c180deg\u201c background_color_gradient_direction_radial =\u201ccenter\u201c background_color_gradient_start_position =\u201c0%\u201c background_color_gradient_end_position =\u201c100%\u201c background_over_laysllient\u201cbackground_color_gradient_start_position =\u201c 0%\u201cbackground_color_gradient_end_position =\u201c 100%\u201cbackground_over_laysllient\u201c background_off\u201csize\u201c paraximimage\u201c paraximimage=\u201d100%\u201d background_over_laysllient\u201d background_position=\u201dcenter\u201d background_repeat=\u201dno-repeat\u201d background_blend=\u201dnormal\u201d allow_player_pause=\u201doff\u201d background_video_pause_outside_viewport=\u201don\u201d use_bg_overlay=\u201doff\u201d use_radio_alignment=\u201d\u2033\u201doff\u201d text_overlay=\u201d3\u2033\u201d =\u201ccentru\u201c child_filter_hue\u201c0deg\u201c child_filter_saturate =\u201c100%\u201c child_filter_brightness =\u201c100%\u201c child_filter_contrast =\u201c100%\u201c child_filter_invert =\u201c0%\u201c child_filter_sepia =\u201c0%\u201c child_filter_opacity\u201ctext =\u201c 100%\u201c se amestec\u0103 child_filter_blenddlur\u201c modul\u201cchild_mix background_blur_mode\u201c nici unul\u201c header_text_shadow_style=\u201dnone\u201d body_text_shadow_style=\u201dnone\u201d custom_but ton\u0103 =\u201coff\u201c button_bg_use_color_gradient =\u201coff\u201c button_bg_color_gradient_overlays_image =\u201coff\u201c button_use_icon =\u201cpe\u201c button_on_hover =\u201cpe\u201c button_text_shadow_style =\u201cnone\u201c box_shadow_style_button =\u201cnone\u201c text_shadow_horizontal_length_length_shadow_verbem\u201ctext = shadow_verbemth_length =\u201c 0em header_text_shadow_horizontal_length = &quot;0 EM&quot; header_text_shadow_vertical_length = &quot;0 EM&quot; header_text_shadow_blur_strength = &quot;0 EM&quot; body_text_shadow_horizontal_length = &quot;0 EM&quot; body_text_shadow_vertical_length = &quot;0 EM&quot; body_text_shadow_blur_strength = &quot;0 EM&quot; button_text_shadow_horizontal_length = &quot;0 EM&quot; button_text_shadow__horizontal_length = &quot;0 EM&quot; headstrength&quot;___EM = &quot;0 EM&quot; _0 EM || ||||||\u201d text_shadow_color=&quot;rgba(0,0,0,0.4)&quot;]<\/p>\n<p>v\u00e2nzare \u0219i cump\u0103rare de ma\u0219ini agricole uzate<\/p>\n<p>[\/et_pb_slide][\/et_pb_slider][\/et_pb_column][\/et_pb_row][\/et_pb_section][et_pb_section bb_built=\u201d1\u2033 fullwidth=\u201doff\u201d specialty=\u201doff\u201d prev_background_color=\u201d#3T_Pb_section][et_pb_section\u201d build=\u201d1\u2033 fullwidth=\u201doff\u201d specialty=\u201doff\u201d prev_background_color=\u201d#3T0_pb_width\u201d 00_0_pb_width\u201d 00_0_pb_width \u201d3.15\u2033 width=\u201d80%\u201d max_width=\u201d1080px\u201d][et_pb_column type=\u201d4_4\u2033 custom_padding__hover=\u201d|||\u201d custom_padding=\u201d|||\u201d][et_pb_text admin_label=\u201dDespre Vissers\u201d _builder_version=\u201d3.15\u2033]<\/p>\n<h1>Despre Vissers<\/h1>\n<p>Pute\u021bi veni la noi pentru ma\u0219ini agricole solide. Cump\u0103r\u0103m \u0219i vindem m\u0103rci precum John Deere, Komatsu, Massay Ferguson, Fendt \u0219i Caterpillar. De asemenea, a\u021bi ajuns \u00een locul potrivit pentru materiale agricole, cum ar fi pluguri \u0219i jardiniere (Lemkin, Rumpstad, Kuhn, Kverneland, Amazone) \u0219i diverse ma\u0219ini \u0219i stivuitoare pentru mi\u0219care a p\u0103m\u00e2ntului (Caterpillar, Komatsu, Liebherr).<\/p>\n<p>[\/et_pb_text][\/et_pb_column][\/et_pb_row][et_pb_row _builder_version=&quot;3.15\u2033 custom_margin=&quot;||0px|\u201d custom_padding=&quot;||0px|\u201d width=\u201d80%\u201d max_width=\u201d1080px\u201d][et_pb_column type=\u201d4_4\u2033 custom_padding__hover=\u201d|||\u201d custom_padding=\u201d|||\u201d][et_pb_text admin_label=\u201dOfert\u0103\u201d _builder_version=\u201d3.15\u2033]<\/p>\n<h1>Ce c\u0103uta\u021bi?<\/h1>\n<p>[\/et_pb_text][\/et_pb_column][\/et_pb_row][et_pb_row _builder_version=\u201d3.15\u2033 make_equal=\u201don\u201d use_custom_gutter=\u201don\u201d gutter_width=\u201d2\u2033 width=\u201d80%\u201d max_width=\u201d1080_padding=\u201d] custom\u201d3_padding=\u201d1080_padding=\u201d] |||\u201d custom_padding=\u201d|||\u201d][et_pb_text admin_label=\u201dTractoare\u201d _builder_version=\u201d3.15\u2033 background_image=\u201dhttps:\/\/www.pvissers.nl\/wp-content\/uploads\/2019\/07\/icon-tractor.svg\u201d module_class =\u201dmediumbuycc-productcategory middlebuycc-productcategorylarge\u201d text_font=\u201dAnton||||||||\u201d background_color=&quot;#367c2b\u201d]<\/p>\n<p>\n<a href=\"\/ro\/tweedehands\/tractoren\/\">Tractoare<\/a><\/p>\n<p>[\/et_pb_text][\/et_pb_column][et_pb_column type=\u201d2_5\u2033 custom_padding__hover=\u201d|||\u201d custom_padding=\u201d|||\u201d][et_pb_text admin_label=\u201dExcavation\u201d _builder_version=\u201d3.15\u2033 background_image=\u201dhttps:\/\/www.pvissers.nl\/wp-content\/uploads\/2019\/07\/icon-shovel.svg\u201d module_class =\u201dmediumbuycc-productcategory middlebuycc-productcategorylarge\u201d text_font=\u201dAnton||||||||\u201d background_color=&quot;#f7c501\u2033]<\/p>\n<p>\n<a href=\"\/ro\/tweedehands\/grondverzet\/\">Mutarea p\u0103m\u00e2ntului<\/a><\/p>\n<p>[\/et_pb_text][\/et_pb_column][\/et_pb_row][et_pb_row _builder_version=\u201d3.15\u2033 make_equal=\u201don\u201d use_custom_gutter=\u201don\u201d gutter_width=\u201d2\u2033 custom_margin=\u201d0px|||\u201d custom_padding=&quot;0px|||\u201d width=\u201d80%\u201d max_width=\u201d1080px\u201d][et_pb_column type=\u201d1_4\u2033 custom_padding__hover=\u201d|||\u201d custom_padding=\u201d|||\u201d][et_pb_text admin_label=\u201dStivuitoare\u201d _builder_version=\u201d3.15\u2033 background_image=\u201dhttps:\/\/www.pvissers.nl\/wp-content\/uploads\/2019\/07\/icon-forklift.svg\u201d module_class =\u201dmiddlebuycc productcategory\u201d text_font=\u201dAnton||||||||\u201d background_color=&quot;#f05025\u2033]<\/p>\n<p>\n<a href=\"\/ro\/tweedehands\/heftrucks\/\">Stivuitoare<\/a><\/p>\n<p>[\/et_pb_text][\/et_pb_column][et_pb_column type=\u201d1_4\u2033 custom_padding__hover=\u201d|||\u201d custom_padding=\u201d|||\u201d][et_pb_text admin_label=\u201dMa\u0219ini agricole\u201d _builder_version=\u201d3.15\u2033 background_image=\u201dhttps:\/\/www.pvissers.nl\/wp-content\/uploads\/2019\/07\/icon-agriculture.svg\u201d module_class =\u201dmiddlebuycc productcategory\u201d text_font=\u201dAnton||||||||\u201d background_color=&quot;#9d1118\u2033]<\/p>\n<p>\n<a href=\"\/ro\/tweedehands\/landbouwmachines\/\">Ma\u0219ini agricole<\/a><\/p>\n<p>[\/et_pb_text][\/et_pb_column][et_pb_column type=\u201d1_4\u2033 custom_padding__hover=\u201d|||\u201d custom_padding=\u201d|||\u201d][et_pb_text admin_label=\u201dPiese\u201d _builder_version=\u201d3.15\u2033 background_image=\u201dhttps:\/\/www.pvissers.nl\/wp-content\/uploads\/2019\/07\/icon-gears.svg\u201d module_class =\u201dmiddlebuycc productcategory\u201d text_font=\u201dAnton||||||||\u201d background_color=&quot;#2d3472\u2033]<\/p>\n<p>\n<a href=\"\/ro\/tweedehands\/onderdelen\/\">Componente<\/a><\/p>\n<p>[\/et_pb_text][\/et_pb_column][et_pb_column type=\u201d1_4\u2033 custom_padding__hover=\u201d|||\u201d custom_padding=\u201d|||\u201d][et_pb_text admin_label=\u201dDiverse\u201d _builder_version=\u201d3.15\u2033 background_image=\u201dhttps:\/\/www.pvissers.nl\/wp-content\/uploads\/2019\/07\/icon-diverse.svg\u201d module_class =\u201dmiddlebuycc productcategory\u201d text_font=\u201dAnton||||||||\u201d background_color=&quot;#8c8c8c\u201d]<\/p>\n<p>\n<a href=\"\/ro\/tweedehands\/diversen\/\">Diverse<\/a><\/p>\n<p>[\/et_pb_text][\/et_pb_column][\/et_pb_row][et_pb_row _builder_version=\u201d3.15\u2033 width=\u201d80%\u201d max_width=\u201d1080px\u201d][et_pb_column type=\u201d4_4\u2033 custom_padding_||\u201d=\u201d||_hover custom_padding=\u201d|||\u201d][et_pb_text admin_label=\u201dMa\u0219ini noi\u201d _builder_version=\u201d3.15\u2033]<\/p>\n<h1>Nou sosire la Vissers<\/h1>\n<p>[\/et_pb_text][et_pb_shop _builder_version=\u201d3.15\u2033 columns_number=\u201d6\u2033 posts_number=\u201d6\u2033 orderby=\u201dmenu_order\u201d \/][\/et_pb_column][\/et_pb_row][et_pb_row _builder_version=\u201d1.015=\u201d8\u2033 TP=\u201d8. \u201d1080px\u201d][et_pb_column type=&quot;4_4\u2033 custom_padding__hover=&quot;|||\u201d custom_padding=\u201d|||\u201d][et_pb_text admin_label=\u201dCump\u0103rare\u201d _builder_version=\u201d3.15\u2033]<\/p>\n<h1>Achizi\u021bionarea de ma\u0219ini agricole second hand<\/h1>\n<p>Suntem bucuro\u0219i s\u0103 v\u0103 cump\u0103r\u0103m ma\u0219inile \u0219i piesele agricole folosite. Dac\u0103 ave\u021bi o ma\u0219in\u0103 sau alt echipament agricol de care a\u021bi dori s\u0103 sc\u0103pa\u021bi, v\u0103 rug\u0103m s\u0103 ne contacta\u021bi la\u00a0<span id=\"et-info-phone\">06-26 62 59 46 sau<\/span>\u00a0<a href=\"mailto:info@pvissers.nl\"><span id=\"et-info-email\">info@pvissers.nl<\/span><\/a>.<\/p>\n<p>[\/et_pb_text][\/et_pb_column][\/et_pb_row][\/et_pb_section]<\/p>","protected":false},"excerpt":{"rendered":"<p>v\u00e2nzarea \u0219i cump\u0103rarea de ma\u0219ini agricole second hand Despre Vissers Pute\u021bi veni la noi pentru ma\u0219ini agricole second-hand de \u00eencredere. Cump\u0103r\u0103m \u0219i vindem m\u0103rci precum John Deere, Komatsu, Massay Ferguson, Fendt \u0219i Caterpillar. De asemenea, e\u0219ti [\u2026]<\/p>","protected":false},"author":1,"featured_media":0,"parent":0,"menu_order":0,"comment_status":"closed","ping_status":"closed","template":"","meta":{"_et_pb_use_builder":"on","_et_pb_old_content":"","_et_gb_content_width":"","inline_featured_image":false,"footnotes":""},"class_list":["post-7","page","type-page","status-publish","hentry"],"_links":{"self":[{"href":"https:\/\/www.pvissers.nl\/ro\/wp-json\/wp\/v2\/pages\/7","targetHints":{"allow":["GET"]}}],"collection":[{"href":"https:\/\/www.pvissers.nl\/ro\/wp-json\/wp\/v2\/pages"}],"about":[{"href":"https:\/\/www.pvissers.nl\/ro\/wp-json\/wp\/v2\/types\/page"}],"author":[{"embeddable":true,"href":"https:\/\/www.pvissers.nl\/ro\/wp-json\/wp\/v2\/users\/1"}],"replies":[{"embeddable":true,"href":"https:\/\/www.pvissers.nl\/ro\/wp-json\/wp\/v2\/comments?post=7"}],"version-history":[{"count":108,"href":"https:\/\/www.pvissers.nl\/ro\/wp-json\/wp\/v2\/pages\/7\/revisions"}],"predecessor-version":[{"id":1200,"href":"https:\/\/www.pvissers.nl\/ro\/wp-json\/wp\/v2\/pages\/7\/revisions\/1200"}],"wp:attachment":[{"href":"https:\/\/www.pvissers.nl\/ro\/wp-json\/wp\/v2\/media?parent=7"}],"curies":[{"name":"wp","href":"https:\/\/api.w.org\/{rel}","templated":true}]}}