{"id":1668,"date":"2022-09-23T09:24:03","date_gmt":"2022-09-23T09:24:03","guid":{"rendered":"https:\/\/www.pvissers.nl\/?post_type=product&#038;p=1668"},"modified":"2024-12-27T11:14:10","modified_gmt":"2024-12-27T11:14:10","slug":"manitou-mt1340-serie-3-e2","status":"publish","type":"product","link":"https:\/\/www.pvissers.nl\/ro\/landbouwmachines\/grondverzet\/manitou-mt1340-serie-3-e2\/","title":{"rendered":"Manitou MT1340 seria 3-E2 V\u00c2NDUT!!!!"},"content":{"rendered":"<p>[et_pb_section global_module=228][\/et_pb_section]Informa\u021bii generale<br \/>\nCuloarea rosie<br \/>\njffcqs9<br \/>\nUtilizare prev\u0103zut\u0103: Construc\u021bie<br \/>\nNum\u0103r de serie: 200592<br \/>\nInforma\u021bii tehnice<br \/>\nTip \u0219asiu: 1200592<br \/>\nDrive: roat\u0103<br \/>\nGreutate ne\u00eenc\u0103rcat\u0103: 11.200 kg<br \/>\nFunc\u0163ional<br \/>\nCapacitate de ridicare: 4.000 kg<br \/>\nInaltime de ridicare: 1.300 cm<br \/>\nCondi\u021bie prealabil\u0103<br \/>\nStare tehnica: buna<br \/>\nStare vizuala: buna<\/p>\n<p>Manitou Telehandler MT1340<br \/>\n* 2004<br \/>\n7230 ore<br \/>\n* Inaltime de lucru 13 m<br \/>\n* Capacitate de ridicare 4000 KG<br \/>\n*In stare foarte buna!<\/p>\n<p>V\u00c2NDUT!!!!!<\/p>","protected":false},"excerpt":{"rendered":"<p>Informa\u021bii generale Culoare: Ro\u0219u Utilizare: Construc\u021bie Num\u0103r de serie: 200592 Informa\u021bii tehnice Tip \u0219asiu: 1200592 Trac\u021biune: roat\u0103 Greutate f\u0103r\u0103 \u00eenc\u0103rcare: 11.200 kg Func\u021bional\u0103 Capacitate de ridicare: 4.000 kg \u00cen\u0103l\u021bime de ridicare: 1.300 cm Stare Stare tehnic\u0103: bun\u0103 Stare vizual\u0103: bun\u0103 Manitou MT1340 * 2004 7230 ore * 13 m inaltime de lucru * Capacitate de ridicare 4000 KG * In stare foarte buna! [\u2026]<\/p>","protected":false},"featured_media":1672,"template":"","meta":{"_et_pb_use_builder":"","_et_pb_old_content":"","_et_gb_content_width":"","inline_featured_image":false},"product_brand":[],"product_cat":[17],"product_tag":[],"class_list":{"0":"post-1668","1":"product","2":"type-product","3":"status-publish","4":"has-post-thumbnail","6":"product_cat-grondverzet","8":"first","9":"outofstock","10":"featured","11":"shipping-taxable","12":"product-type-simple"},"_links":{"self":[{"href":"https:\/\/www.pvissers.nl\/ro\/wp-json\/wp\/v2\/product\/1668","targetHints":{"allow":["GET"]}}],"collection":[{"href":"https:\/\/www.pvissers.nl\/ro\/wp-json\/wp\/v2\/product"}],"about":[{"href":"https:\/\/www.pvissers.nl\/ro\/wp-json\/wp\/v2\/types\/product"}],"wp:featuredmedia":[{"embeddable":true,"href":"https:\/\/www.pvissers.nl\/ro\/wp-json\/wp\/v2\/media\/1672"}],"wp:attachment":[{"href":"https:\/\/www.pvissers.nl\/ro\/wp-json\/wp\/v2\/media?parent=1668"}],"wp:term":[{"taxonomy":"product_brand","embeddable":true,"href":"https:\/\/www.pvissers.nl\/ro\/wp-json\/wp\/v2\/product_brand?post=1668"},{"taxonomy":"product_cat","embeddable":true,"href":"https:\/\/www.pvissers.nl\/ro\/wp-json\/wp\/v2\/product_cat?post=1668"},{"taxonomy":"product_tag","embeddable":true,"href":"https:\/\/www.pvissers.nl\/ro\/wp-json\/wp\/v2\/product_tag?post=1668"}],"curies":[{"name":"wp","href":"https:\/\/api.w.org\/{rel}","templated":true}]}}