{"id":1711,"date":"2023-02-02T09:21:13","date_gmt":"2023-02-02T09:21:13","guid":{"rendered":"https:\/\/www.pvissers.nl\/?post_type=product&#038;p=1711"},"modified":"2023-02-02T09:21:14","modified_gmt":"2023-02-02T09:21:14","slug":"kramerallrad-880-wiellader","status":"publish","type":"product","link":"https:\/\/www.pvissers.nl\/ro\/landbouwmachines\/grondverzet\/kramerallrad-880-wiellader\/","title":{"rendered":"\u00cenc\u0103rc\u0103tor pe ro\u021bi KramerAllrad 880"},"content":{"rendered":"<p>[et_pb_section global_module=228][\/et_pb_section]KramerAllrad 880<\/p>\n<p>Control pe 4 ro\u021bi<\/p>\n<p>An constructie 2005<\/p>\n<p>Num\u0103rul de ore de utilizare 627<\/p>\n<p>Greutate total\u0103 GVW 9000Kg<\/p>\n<p>Putere motor 90kw 122cp<\/p>\n<p>Producator de motoare Deutz<\/p>\n<p>Pret la cerere<\/p>","protected":false},"excerpt":{"rendered":"<p>KramerAllrad 880 Direc\u021bie pe 4 ro\u021bi Anul construc\u021biei 2005 Num\u0103r de ore de utilizare 627 Greutate brut\u0103 GVW 9000Kg Putere motor 90kw 122pk Produc\u0103tor motor Deutz Pre\u021b la cerere<\/p>","protected":false},"featured_media":1715,"template":"","meta":{"_et_pb_use_builder":"","_et_pb_old_content":"","_et_gb_content_width":"","inline_featured_image":false},"product_brand":[],"product_cat":[17],"product_tag":[],"class_list":{"0":"post-1711","1":"product","2":"type-product","3":"status-publish","4":"has-post-thumbnail","6":"product_cat-grondverzet","8":"first","9":"instock","10":"shipping-taxable","11":"product-type-simple"},"_links":{"self":[{"href":"https:\/\/www.pvissers.nl\/ro\/wp-json\/wp\/v2\/product\/1711","targetHints":{"allow":["GET"]}}],"collection":[{"href":"https:\/\/www.pvissers.nl\/ro\/wp-json\/wp\/v2\/product"}],"about":[{"href":"https:\/\/www.pvissers.nl\/ro\/wp-json\/wp\/v2\/types\/product"}],"wp:featuredmedia":[{"embeddable":true,"href":"https:\/\/www.pvissers.nl\/ro\/wp-json\/wp\/v2\/media\/1715"}],"wp:attachment":[{"href":"https:\/\/www.pvissers.nl\/ro\/wp-json\/wp\/v2\/media?parent=1711"}],"wp:term":[{"taxonomy":"product_brand","embeddable":true,"href":"https:\/\/www.pvissers.nl\/ro\/wp-json\/wp\/v2\/product_brand?post=1711"},{"taxonomy":"product_cat","embeddable":true,"href":"https:\/\/www.pvissers.nl\/ro\/wp-json\/wp\/v2\/product_cat?post=1711"},{"taxonomy":"product_tag","embeddable":true,"href":"https:\/\/www.pvissers.nl\/ro\/wp-json\/wp\/v2\/product_tag?post=1711"}],"curies":[{"name":"wp","href":"https:\/\/api.w.org\/{rel}","templated":true}]}}