{"id":1888,"date":"2024-12-07T09:42:58","date_gmt":"2024-12-07T09:42:58","guid":{"rendered":"https:\/\/www.pvissers.nl\/?post_type=product&#038;p=1888"},"modified":"2025-03-01T07:10:47","modified_gmt":"2025-03-01T07:10:47","slug":"case-iii-farmal-75c","status":"publish","type":"product","link":"https:\/\/www.pvissers.nl\/ro\/landbouwmachines\/tractoren\/case-iii-farmal-75c\/","title":{"rendered":"Cazul III Farmal 75C"},"content":{"rendered":"<p>[et_pb_section global_module=228][\/et_pb_section]Case III Farmal 75C cu suporturi pentru \u00eenc\u0103rcare frontal\u0103<\/p>\n<p>Anul constructiei 2022<\/p>\n<p>Orele de func\u021bionare 81<\/p>\n<p>Anvelope pentru 380\/70R20<\/p>\n<p>Cauciucuri spate 480\/70R30<\/p>\n<p>Pret la cerere<\/p>\n<p>Posibil de schimb<\/p>\n<p>&nbsp;<\/p>","protected":false},"excerpt":{"rendered":"<p>Case III Farmal 75C cu suporturi de \u00eenc\u0103rcare frontale An de construc\u021bie 2022 Ore de func\u021bionare 81 Anvelope fa\u021b\u0103 380\/70R20 Anvelope spate 480\/70R30 Pre\u021b la cerere Schimb posibil &nbsp;<\/p>","protected":false},"featured_media":1891,"template":"","meta":{"_et_pb_use_builder":"","_et_pb_old_content":"","_et_gb_content_width":"","inline_featured_image":false},"product_brand":[],"product_cat":[16],"product_tag":[],"class_list":{"0":"post-1888","1":"product","2":"type-product","3":"status-publish","4":"has-post-thumbnail","6":"product_cat-tractoren","8":"first","9":"outofstock","10":"sold-individually","11":"shipping-taxable","12":"product-type-simple"},"_links":{"self":[{"href":"https:\/\/www.pvissers.nl\/ro\/wp-json\/wp\/v2\/product\/1888","targetHints":{"allow":["GET"]}}],"collection":[{"href":"https:\/\/www.pvissers.nl\/ro\/wp-json\/wp\/v2\/product"}],"about":[{"href":"https:\/\/www.pvissers.nl\/ro\/wp-json\/wp\/v2\/types\/product"}],"wp:featuredmedia":[{"embeddable":true,"href":"https:\/\/www.pvissers.nl\/ro\/wp-json\/wp\/v2\/media\/1891"}],"wp:attachment":[{"href":"https:\/\/www.pvissers.nl\/ro\/wp-json\/wp\/v2\/media?parent=1888"}],"wp:term":[{"taxonomy":"product_brand","embeddable":true,"href":"https:\/\/www.pvissers.nl\/ro\/wp-json\/wp\/v2\/product_brand?post=1888"},{"taxonomy":"product_cat","embeddable":true,"href":"https:\/\/www.pvissers.nl\/ro\/wp-json\/wp\/v2\/product_cat?post=1888"},{"taxonomy":"product_tag","embeddable":true,"href":"https:\/\/www.pvissers.nl\/ro\/wp-json\/wp\/v2\/product_tag?post=1888"}],"curies":[{"name":"wp","href":"https:\/\/api.w.org\/{rel}","templated":true}]}}