{"id":1904,"date":"2024-12-23T10:25:05","date_gmt":"2024-12-23T10:25:05","guid":{"rendered":"https:\/\/www.pvissers.nl\/?post_type=product&#038;p=1904"},"modified":"2024-12-23T10:25:05","modified_gmt":"2024-12-23T10:25:05","slug":"terex-tl-210-shovel","status":"publish","type":"product","link":"https:\/\/www.pvissers.nl\/ro\/landbouwmachines\/grondverzet\/terex-tl-210-shovel\/","title":{"rendered":"Lopata Terex TL 210"},"content":{"rendered":"<p>[et_pb_section global_module=228][\/et_pb_section]Lopat\u0103 Terex TL 210, inclusiv cup\u0103<\/p>\n<p>S\/n TL02100149<\/p>\n<p>Orele necunoscute<\/p>\n<p>&nbsp;<\/p>","protected":false},"excerpt":{"rendered":"<p>Lopat\u0103 Terex TL 210, inclusiv cup\u0103, num\u0103r de serie TL02100149, ore de func\u021bionare necunoscute &nbsp;<\/p>","protected":false},"featured_media":1906,"template":"","meta":{"_et_pb_use_builder":"","_et_pb_old_content":"","_et_gb_content_width":"","inline_featured_image":false},"product_brand":[],"product_cat":[17],"product_tag":[],"class_list":{"0":"post-1904","1":"product","2":"type-product","3":"status-publish","4":"has-post-thumbnail","6":"product_cat-grondverzet","8":"first","9":"instock","10":"shipping-taxable","11":"purchasable","12":"product-type-simple"},"_links":{"self":[{"href":"https:\/\/www.pvissers.nl\/ro\/wp-json\/wp\/v2\/product\/1904","targetHints":{"allow":["GET"]}}],"collection":[{"href":"https:\/\/www.pvissers.nl\/ro\/wp-json\/wp\/v2\/product"}],"about":[{"href":"https:\/\/www.pvissers.nl\/ro\/wp-json\/wp\/v2\/types\/product"}],"wp:featuredmedia":[{"embeddable":true,"href":"https:\/\/www.pvissers.nl\/ro\/wp-json\/wp\/v2\/media\/1906"}],"wp:attachment":[{"href":"https:\/\/www.pvissers.nl\/ro\/wp-json\/wp\/v2\/media?parent=1904"}],"wp:term":[{"taxonomy":"product_brand","embeddable":true,"href":"https:\/\/www.pvissers.nl\/ro\/wp-json\/wp\/v2\/product_brand?post=1904"},{"taxonomy":"product_cat","embeddable":true,"href":"https:\/\/www.pvissers.nl\/ro\/wp-json\/wp\/v2\/product_cat?post=1904"},{"taxonomy":"product_tag","embeddable":true,"href":"https:\/\/www.pvissers.nl\/ro\/wp-json\/wp\/v2\/product_tag?post=1904"}],"curies":[{"name":"wp","href":"https:\/\/api.w.org\/{rel}","templated":true}]}}