{"id":784,"date":"2018-11-27T16:44:04","date_gmt":"2018-11-27T16:44:04","guid":{"rendered":"https:\/\/www.pvissers.nl\/?post_type=product&#038;p=784"},"modified":"2018-11-27T16:44:04","modified_gmt":"2018-11-27T16:44:04","slug":"sneeuwschuif-sp2400","status":"publish","type":"product","link":"https:\/\/www.pvissers.nl\/ro\/landbouwmachines\/diversen\/sneeuwschuif-sp2400\/","title":{"rendered":"Lama pentru z\u0103pad\u0103 SP2400"},"content":{"rendered":"<p>[et_pb_section global_module=228][\/et_pb_section]<\/p>","protected":false},"excerpt":{"rendered":"<p>Lama de z\u0103pad\u0103 nou\u0103<\/p>\n<p>Dimensiune 2,40 l\u0103\u021bime<\/p>\n<p>Reglabil hidraulic<\/p>\n<p>anul de construc\u021bie 2013<\/p>\n<p>pret la cerere<\/p>","protected":false},"featured_media":787,"template":"","meta":{"_et_pb_use_builder":"","_et_pb_old_content":"","_et_gb_content_width":"","inline_featured_image":false},"product_brand":[],"product_cat":[15],"product_tag":[],"class_list":{"0":"post-784","1":"product","2":"type-product","3":"status-publish","4":"has-post-thumbnail","6":"product_cat-diversen","8":"first","9":"instock","10":"shipping-taxable","11":"product-type-simple"},"_links":{"self":[{"href":"https:\/\/www.pvissers.nl\/ro\/wp-json\/wp\/v2\/product\/784","targetHints":{"allow":["GET"]}}],"collection":[{"href":"https:\/\/www.pvissers.nl\/ro\/wp-json\/wp\/v2\/product"}],"about":[{"href":"https:\/\/www.pvissers.nl\/ro\/wp-json\/wp\/v2\/types\/product"}],"wp:featuredmedia":[{"embeddable":true,"href":"https:\/\/www.pvissers.nl\/ro\/wp-json\/wp\/v2\/media\/787"}],"wp:attachment":[{"href":"https:\/\/www.pvissers.nl\/ro\/wp-json\/wp\/v2\/media?parent=784"}],"wp:term":[{"taxonomy":"product_brand","embeddable":true,"href":"https:\/\/www.pvissers.nl\/ro\/wp-json\/wp\/v2\/product_brand?post=784"},{"taxonomy":"product_cat","embeddable":true,"href":"https:\/\/www.pvissers.nl\/ro\/wp-json\/wp\/v2\/product_cat?post=784"},{"taxonomy":"product_tag","embeddable":true,"href":"https:\/\/www.pvissers.nl\/ro\/wp-json\/wp\/v2\/product_tag?post=784"}],"curies":[{"name":"wp","href":"https:\/\/api.w.org\/{rel}","templated":true}]}}